{"id":1287,"date":"2025-03-10T13:46:18","date_gmt":"2025-03-10T13:46:18","guid":{"rendered":"https:\/\/siga2025.com.br\/?page_id=1287"},"modified":"2025-03-27T21:41:29","modified_gmt":"2025-03-27T21:41:29","slug":"hospedagem","status":"publish","type":"page","link":"https:\/\/siga2025.com.br\/en\/hospedagem\/","title":{"rendered":"Accommodation"},"content":{"rendered":"<div class=\"wp-block-essential-blocks-text  root-eb-text-ozi08\"><div class=\"eb-parent-wrapper eb-parent-eb-text-ozi08\"><div class=\"eb-text-wrapper eb-text-ozi08\" data-id=\"eb-text-ozi08\"><p class=\"eb-text\">The <strong>SIGA <\/strong>will take place on the campus of the Federal University of Par\u00e1 (UFPA), in the auditorium of the Institute of Applied Social Sciences (ICSA), in the city of Bel\u00e9m. In November, the city will also host the 30th United Nations Conference on Climate Change \u2013 COP 30.<br><br>Due to this mega event, there will be an increased demand for accommodation in the second half of the year, including for pre-COP events.<br><br>Given this circumstance, we recommend booking accommodations as soon as possible. There is a wide range of lodging options, from traditional hotels to hostels. Additionally, short-term rentals are available through platforms like Airbnb and Booking.<br>\u00a0<br>Below, we present some accommodation options. The UFPA campus is located in the Guam\u00e1 neighborhood and is connected to the neighborhoods of Batista Campos, Nazar\u00e9, Umarizal, S\u00e3o Br\u00e1s, Marco, Campina, and Reduto. These areas offer good infrastructure for dining, lodging, and entertainment. The urban road network facilitates access from these neighborhoods to the UFPA campus.<\/p><\/div><\/div><\/div>\n\n\n\n<hr class=\"wp-block-separator has-alpha-channel-opacity\"\/>\n\n\n\n<h3 class=\"wp-block-heading\"><strong>HOTELS BY NEIGHBORHOOD<\/strong><\/h3>\n\n\n\n<p><strong>1. Batista Campos - Average distance to UFPA: <\/strong><strong>5 km<\/strong><\/p>\n\n\n\n<p><strong>Ibis Budget Batista Campos<\/strong><\/p>\n\n\n\n<p>Address: Gentil Bittencourt Avenue, 85 \u2013 Batista Campos, Bel\u00e9m \u2013 PA, 66015-140, Brazil<\/p>\n\n\n\n<p>Phone number: +55 91 3323-7198<\/p>\n\n\n\n<p>E-mail: HB9K8-RE@accor.com<\/p>\n\n\n\n<p>Site: <a href=\"https:\/\/all.accor.com\/hotel\/B9K8\/index.pt.shtml\">https:\/\/all.accor.com\/hotel\/B9K8\/index.pt.shtml<\/a><\/p>\n\n\n\n<p>Instagram: <a href=\"https:\/\/www.instagram.com\/ibisstylesbatistacampos\/\">@ibisstylesbatistacampos&nbsp;<\/a><\/p>\n\n\n\n<p><strong>2. Campina &#8211; <\/strong>Average distance to UFPA: 6.5 km<\/p>\n\n\n\n<p><strong>Hotel Princesa Lou\u00e7\u00e3<\/strong><\/p>\n\n\n\n<p>Address: Pres. Vargas Ave, 882 - Campina, Bel\u00e9m - PA, 66017-904, Brazil<\/p>\n\n\n\n<p>Phone number: +55 91 4006-7000&nbsp;<\/p>\n\n\n\n<p>E-mail: reservas@princesabelem.com.br<\/p>\n\n\n\n<p>Site: <a href=\"https:\/\/www.princesabelem.com.br\">https:\/\/www.princesabelem.com.br<\/a><\/p>\n\n\n\n<p>Instagram: <a href=\"https:\/\/www.instagram.com\/hotelprincesabelem\">https:\/\/www.instagram.com\/hotelprincesabelem<\/a><\/p>\n\n\n\n<p><strong>Hotel Gr\u00e3o-Par\u00e1<\/strong><\/p>\n\n\n\n<p>Address: President Vargas Avenue, 718 - Campina, Bel\u00e9m - PA, 66017-000, Brazil<\/p>\n\n\n\n<p>Phone numbers: +55 91 98454-8112, +55 91 3321-2121<\/p>\n\n\n\n<p>E-mail: hotelgraopara@yahoo.com<\/p>\n\n\n\n<p>Site: <a href=\"https:\/\/hotelgraopara.com.br\/site\/\">https:\/\/hotelgraopara.com.br\/site\/<\/a><\/p>\n\n\n\n<p>Instagram: @hotel.graopara<\/p>\n\n\n\n<p><strong>3. Cidade Velha &#8211; <\/strong>Average distance to UFPA: 7.0 km<\/p>\n\n\n\n<p><strong>Atrium Quinta de Pedras<\/strong><\/p>\n\n\n\n<p>Address: Doctor Assis Street, 834 - Arsenal Square, Old Town, Bel\u00e9m - PA, 66020-290, Brazil<\/p>\n\n\n\n<p>Phone number:  +55 91 3351-4200<\/p>\n\n\n\n<p>E-mail: <a href=\"mailto:reservasbelem@atriumhoteis.com.br\">reservasbelem@atriumhoteis.com.br<\/a><\/p>\n\n\n\n<p>Site: <a href=\"https:\/\/quintadepedras.atriumhoteis.com.br\/\">https:\/\/quintadepedras.atriumhoteis.com.br\/<\/a><\/p>\n\n\n\n<p>Instagram: <a href=\"https:\/\/www.instagram.com\/hotelatriumbelem\/\">@hotelatriumbelem)<\/a><\/p>\n\n\n\n<p><strong>4. Reduto &#8211; <\/strong>Average distance to UFPA: 6.0 km<\/p>\n\n\n\n<p><strong>Hotel Le Massilia<\/strong><\/p>\n\n\n\n<p>Address: General Henrique Gurj\u00e3o Street, No. 236 - Reduto Neighborhood, Bel\u00e9m - PA, Brazil<\/p>\n\n\n\n<p>Reservations: +55 91 322-47147<\/p>\n\n\n\n<p>Instagram: <a href=\"https:\/\/www.instagram.com\/hotel.lemassilia\/\">https:\/\/www.instagram.com\/hotel.lemassilia\/<\/a><\/p>\n\n\n\n<p><strong>5. Umarizal &#8211; <\/strong>Average distance to UFPA: 7 km<\/p>\n\n\n\n<p><strong>Mercure Bel\u00e9m Boulevard<\/strong><\/p>\n\n\n\n<p>Address: Dom Romualdo de Seixas Lane, No. 1560 - Umarizal Neighborhood, Bel\u00e9m - PA, 66055-200, Brazil<\/p>\n\n\n\n<p>Phone number: +55 91 3366-7575<\/p>\n\n\n\n<p>E-mail: <a href=\"mailto:hb203-re@accor.com\">hb203-re@accor.com<\/a><\/p>\n\n\n\n<p>Site: <a href=\"https:\/\/all.accor.com\/hotel\/B203\/index.pt.shtml\">https:\/\/all.accor.com\/hotel\/B203\/index.pt.shtml<\/a><\/p>\n\n\n\n<p>Instagram: <a href=\"https:\/\/www.instagram.com\/mercurebelemboulevard\/\">https:\/\/www.instagram.com\/mercurebelemboulevard\/<\/a><\/p>\n\n\n\n<p><strong>Hotel Bristol Umarizal<\/strong><\/p>\n\n\n\n<p>Address: Dom Pedro I Lane, No. 1104 - Umarizal Neighborhood, Bel\u00e9m - PA, Brazil<\/p>\n\n\n\n<p>Reservations: +55 91 3349-6326<\/p>\n\n\n\n<p>Site: Bristolhot\u00e9is.com.br\/hotel-umarizal-belem\/<\/p>\n\n\n\n<p>Instagram: @hoteisbristol<\/p>\n\n\n\n<p><strong>6. Marco &#8211; <\/strong>Dist\u00e2ncia m\u00e9dia p\/ UFPa: 7,5 km<\/p>\n\n\n\n<p><strong>Ibis Style Bel\u00e9m Hangar<\/strong><\/p>\n\n\n\n<p>Address: Duke of Caxias Avenue, No. 1538 - Marco Neighborhood, Bel\u00e9m - PA, 66093-030, Brazil<\/p>\n\n\n\n<p>Telefone: + 55 91 31823700<\/p>\n\n\n\n<p>Instagram: @ibisstylesbelemhangar<\/p>\n\n\n\n<p><strong>7. Nazar\u00e9 &#8211; <\/strong>Dist\u00e2ncia m\u00e9dia p\/ UFPA: 6 km<\/p>\n\n\n\n<p><strong>Hotel Bel\u00e9m Soft Hotel<\/strong><\/p>\n\n\n\n<p>Address: Comm. Br\u00e1s de Aguiar Ave, 612 - Nazar\u00e9, Bel\u00e9m - PA, ZIP code: 66035-000, Brazil<\/p>\n\n\n\n<p>Phone number: +55 91 3323 3400<\/p>\n\n\n\n<p>E-mail: <a href=\"mailto:reservas@belemsofthotel.com.br\">reservas@belemsofthotel.com.br<\/a>&nbsp;<\/p>\n\n\n\n<p>Site: <a href=\"https:\/\/www.belemsofthotel.com.br\/\">https:\/\/www.belemsofthotel.com.br\/<\/a><\/p>\n\n\n\n<p>Instagram: <a href=\"https:\/\/www.instagram.com\/belemsoft.hotel\/\">https:\/\/www.instagram.com\/belemsoft.hotel\/<\/a><\/p>\n\n\n\n<p><strong>Radisson Hotel Bel\u00e9m<\/strong><\/p>\n\n\n\n<p>Address: Comm. Br\u00e1s de Aguiar Ave, 321 - Nazar\u00e9, Bel\u00e9m<\/p>\n\n\n\n<p>Reservations: +55 91 3122-9160<\/p>\n\n\n\n<p>E-mail: <a href=\"mailto:reservas.rbel@ahi.com.br\">reservas.rbel@ahi.com.br<\/a><\/p>\n\n\n\n<p>Site: <a href=\"https:\/\/www.letsatlantica.com.br\/hotel\/radisson-hotel-belem\">https:\/\/www.letsatlantica.com.br\/hotel\/radisson-hotel-belem<\/a><\/p>\n\n\n\n<p>Instagram: <a href=\"https:\/\/www.instagram.com\/radissonhotelbelem\/\">@radissonhotelbelem<\/a>&nbsp;<\/p>\n\n\n\n<p><strong>Grand Mercure Bel\u00e9m do Par\u00e1<\/strong><\/p>\n\n\n\n<p>Address: Nazar\u00e9 Avenue, 375 - Nazar\u00e9, Bel\u00e9m - PA, 66035-115, Brazil<\/p>\n\n\n\n<p>Phone: +55 91 3202-2000<\/p>\n\n\n\n<p>E-mail: <a href=\"mailto:reservas.grandmercurebelem@accor.com\">reservas.grandmercurebelem@accor.com<\/a><\/p>\n\n\n\n<p>Site: <a href=\"https:\/\/all.accor.com\/hotel\/A7P1\/index.pt.shtml\">https:\/\/all.accor.com\/hotel\/A7P1\/index.pt.shtml<\/a><\/p>\n\n\n\n<p>Instagram: https:\/\/www.instagram.com\/grandmercurebelem\/<\/p>\n\n\n\n<p><strong>8. S\u00e3o Br\u00e1s<\/strong><strong> &#8211; <\/strong>Average distance to UFPA: 5 km<\/p>\n\n\n\n<p><strong>Hotel Sagres<\/strong><\/p>\n\n\n\n<p>Address: Governor Jos\u00e9 Malcher Avenue, No. 2927 - S\u00e3o Br\u00e1s Neighborhood, Bel\u00e9m - PA,, 66090-100, Brazil<\/p>\n\n\n\n<p>Phone number: +55 91 4005-0005<\/p>\n\n\n\n<p>E-mail: <a href=\"mailto:reservas@hotelsagres.com\">reservas@hotelsagres.com<\/a><\/p>\n\n\n\n<p>Site: <a href=\"https:\/\/www.hotelsagres.com\/\">https:\/\/www.hotelsagres.com\/<\/a><\/p>\n\n\n\n<p><strong>Ibis Budget Bel\u00e9m<\/strong><\/p>\n\n\n\n<p>Address: Jos\u00e9 Bonif\u00e1cio Avenue, 244 - F\u00e1tima\/S\u00e3o Br\u00e1s, Bel\u00e9m - PA, 66090-363, Brazil<\/p>\n\n\n\n<p>Phone number:  +55 91 3202-7600<\/p>\n\n\n\n<p>E-mail: <a href=\"mailto:h5624-re@accor.com.br\">h5624-re@accor.com.br<\/a><\/p>\n\n\n\n<p>Site: <a href=\"https:\/\/all.accor.com\/hotel\/5624\/index.pt.shtml?utm_campaign=seo+maps&amp;utm_medium=seo+maps&amp;utm_source=bing+maps\">https:\/\/all.accor.com\/hotel\/5624\/index.pt.shtml?utm_campaign=seo+maps&amp;utm_medium=seo+maps&amp;utm_source=bing+maps<\/a><\/p>\n\n\n\n<p>Instagram: <a href=\"https:\/\/www.instagram.com\/ibisbudgetbelem\/\">https:\/\/www.instagram.com\/ibisbudgetbelem\/<\/a><\/p>\n\n\n\n<hr class=\"wp-block-separator has-alpha-channel-opacity\"\/>\n\n\n\n<h3 class=\"wp-block-heading\"><strong>Hostels by Neighborhood<\/strong><\/h3>\n\n\n\n<p><strong>1. Campina<\/strong><\/p>\n\n\n\n<p><strong>Bel\u00e9m Hostel Bel\u00e9m<\/strong><\/p>\n\n\n\n<p>Address: \u00d3 de Almeida Street, 624 - Campina, Bel\u00e9m - Par\u00e1, Brazil<\/p>\n\n\n\n<p>Phone number:  +55 91 982132800<\/p>\n\n\n\n<p>E-mail: <a href=\"mailto:belemhostel@gmail.com\">belemhostel@gmail.com<\/a><\/p>\n\n\n\n<p>Instagram: <a href=\"https:\/\/www.instagram.com\/belemhostel\/\">https:\/\/www.instagram.com\/belemhostel\/<\/a><\/p>\n\n\n\n<p><strong>Grand Hostel Belem<\/strong><\/p>\n\n\n\n<p>Address: President Vargas Avenue, 646 - Campina, Bel\u00e9m - Par\u00e1, 66017-000, Brazil&nbsp; <\/p>\n\n\n\n<p>Phone number: +55 91 98146-6580<\/p>\n\n\n\n<p>Instagram: <a href=\"https:\/\/www.instagram.com\/hostel_belem\/\">https:\/\/www.instagram.com\/hostel_belem\/<\/a><\/p>\n\n\n\n<p><strong>Ecopousada Miriti<\/strong><\/p>\n\n\n\n<p>Father Prud\u00eancio Lane, 656 - Campina, Bel\u00e9m - PA, 66015-180, Brazil&nbsp;<\/p>\n\n\n\n<p>Telefone: +55 91 984448586<\/p>\n\n\n\n<p>E-mail: ecopousadamiriti@hotmail.com&nbsp;<\/p>\n\n\n\n<p><strong>2. Nazar\u00e9<\/strong><\/p>\n\n\n\n<p><strong>\u00d4vibe Party Hostel &amp; Arts<\/strong><\/p>\n\n\n\n<p>Address: Benjamin Constant Lane, 1374 - Nazar\u00e9, Bel\u00e9m - PA, 66035-060, Brazil<\/p>\n\n\n\n<p>Telefone: +55 91 3349-0008<\/p>\n\n\n\n<p>Site <a href=\"http:\/\/www.ovibe.com.br\/\">http:\/\/www.ovibe.com.br\/<\/a><\/p>\n\n\n\n<p><strong>Antonieta Hostel e Bistr\u00f4<\/strong><\/p>\n\n\n\n<p>Adress: Governor Jos\u00e9 Malcher Avenue, 592, Nazar\u00e9, Bel\u00e9m, 66040-282<\/p>\n\n\n\n<p>Phone number: +55 91 98727-2421<\/p>\n\n\n\n<p>Site: <a href=\"https:\/\/antonieta-hostel-belem.belemhotelsweb.com\/pt\/\">https:\/\/antonieta-hostel-belem.belemhotelsweb.com\/pt\/<\/a><\/p>\n\n\n\n<p>Instagram: <a href=\"https:\/\/www.instagram.com\/hostelantonieta\/reels\/\">https:\/\/www.instagram.com\/hostelantonieta\/reels\/<\/a><\/p>\n\n\n\n<p><strong>Princesa Hostel<\/strong><\/p>\n\n\n\n<p>Address: Governor Jos\u00e9 Malcher Avenue, 1350, Nazar\u00e9, Bel\u00e9m, ZIP Code 66060-230, Brazil<\/p>\n\n\n\n<p>Phone number: +55 91 981228138<\/p>\n\n\n\n<p>E-mail: princesahostelbelem@gmail.com<\/p>\n\n\n\n<p>Instagram: <a href=\"https:\/\/www.instagram.com\/princesahostelbelem_\/\">https:\/\/www.instagram.com\/princesahostelbelem_\/<\/a><\/p>\n\n\n\n<p><\/p>","protected":false},"excerpt":{"rendered":"<p>HOT\u00c9IS POR BAIRRO 1. Batista Campos &#8211; Dist\u00e2ncia m\u00e9dia p\/ UFPA: 5 km Ibis Budget Batista Campos Endere\u00e7o: Av. Gentil Bittencourt, 85 &#8211; Batista Campos, Bel\u00e9m &#8211; PA, 66015-140 Telefone: +55 91 3323-7198 E-mail: HB9K8-RE@accor.com Site: https:\/\/all.accor.com\/hotel\/B9K8\/index.pt.shtml Instagram: @ibisstylesbatistacampos&nbsp; 2. Campina &#8211; Dist\u00e2ncia m\u00e9dia p\/ UFPA: 6,5 km Hotel Princesa Lou\u00e7\u00e3 Endere\u00e7o: Av. Pres. Vargas, [&hellip;]<\/p>","protected":false},"author":1,"featured_media":0,"parent":0,"menu_order":0,"comment_status":"closed","ping_status":"closed","template":"","meta":{"_eb_attr":"","_uag_custom_page_level_css":"","site-sidebar-layout":"default","site-content-layout":"","ast-site-content-layout":"default","site-content-style":"default","site-sidebar-style":"default","ast-global-header-display":"","ast-banner-title-visibility":"","ast-main-header-display":"","ast-hfb-above-header-display":"","ast-hfb-below-header-display":"","ast-hfb-mobile-header-display":"","site-post-title":"","ast-breadcrumbs-content":"","ast-featured-img":"","footer-sml-layout":"","ast-disable-related-posts":"","theme-transparent-header-meta":"","adv-header-id-meta":"","stick-header-meta":"","header-above-stick-meta":"","header-main-stick-meta":"","header-below-stick-meta":"","astra-migrate-meta-layouts":"set","ast-page-background-enabled":"default","ast-page-background-meta":{"desktop":{"background-color":"var(--ast-global-color-4)","background-image":"","background-repeat":"repeat","background-position":"center center","background-size":"auto","background-attachment":"scroll","background-type":"","background-media":"","overlay-type":"","overlay-color":"","overlay-opacity":"","overlay-gradient":""},"tablet":{"background-color":"","background-image":"","background-repeat":"repeat","background-position":"center center","background-size":"auto","background-attachment":"scroll","background-type":"","background-media":"","overlay-type":"","overlay-color":"","overlay-opacity":"","overlay-gradient":""},"mobile":{"background-color":"","background-image":"","background-repeat":"repeat","background-position":"center center","background-size":"auto","background-attachment":"scroll","background-type":"","background-media":"","overlay-type":"","overlay-color":"","overlay-opacity":"","overlay-gradient":""}},"ast-content-background-meta":{"desktop":{"background-color":"var(--ast-global-color-5)","background-image":"","background-repeat":"repeat","background-position":"center center","background-size":"auto","background-attachment":"scroll","background-type":"","background-media":"","overlay-type":"","overlay-color":"","overlay-opacity":"","overlay-gradient":""},"tablet":{"background-color":"var(--ast-global-color-5)","background-image":"","background-repeat":"repeat","background-position":"center center","background-size":"auto","background-attachment":"scroll","background-type":"","background-media":"","overlay-type":"","overlay-color":"","overlay-opacity":"","overlay-gradient":""},"mobile":{"background-color":"var(--ast-global-color-5)","background-image":"","background-repeat":"repeat","background-position":"center center","background-size":"auto","background-attachment":"scroll","background-type":"","background-media":"","overlay-type":"","overlay-color":"","overlay-opacity":"","overlay-gradient":""}},"_themeisle_gutenberg_block_has_review":false,"footnotes":"","_links_to":"","_links_to_target":""},"class_list":["post-1287","page","type-page","status-publish","hentry"],"uagb_featured_image_src":{"full":false,"thumbnail":false,"medium":false,"medium_large":false,"large":false,"1536x1536":false,"2048x2048":false,"trp-custom-language-flag":false},"uagb_author_info":{"display_name":"carreiralarissac@gmail.com","author_link":"https:\/\/siga2025.com.br\/en\/author\/carreiralarissacgmail-com\/"},"uagb_comment_info":0,"uagb_excerpt":"HOT\u00c9IS POR BAIRRO 1. Batista Campos &#8211; Dist\u00e2ncia m\u00e9dia p\/ UFPA: 5 km Ibis Budget Batista Campos Endere\u00e7o: Av. Gentil Bittencourt, 85 &#8211; Batista Campos, Bel\u00e9m &#8211; PA, 66015-140 Telefone: +55 91 3323-7198 E-mail: HB9K8-RE@accor.com Site: https:\/\/all.accor.com\/hotel\/B9K8\/index.pt.shtml Instagram: @ibisstylesbatistacampos&nbsp; 2. Campina &#8211; Dist\u00e2ncia m\u00e9dia p\/ UFPA: 6,5 km Hotel Princesa Lou\u00e7\u00e3 Endere\u00e7o: Av. Pres. Vargas,&hellip;","_links":{"self":[{"href":"https:\/\/siga2025.com.br\/en\/wp-json\/wp\/v2\/pages\/1287","targetHints":{"allow":["GET"]}}],"collection":[{"href":"https:\/\/siga2025.com.br\/en\/wp-json\/wp\/v2\/pages"}],"about":[{"href":"https:\/\/siga2025.com.br\/en\/wp-json\/wp\/v2\/types\/page"}],"author":[{"embeddable":true,"href":"https:\/\/siga2025.com.br\/en\/wp-json\/wp\/v2\/users\/1"}],"replies":[{"embeddable":true,"href":"https:\/\/siga2025.com.br\/en\/wp-json\/wp\/v2\/comments?post=1287"}],"version-history":[{"count":12,"href":"https:\/\/siga2025.com.br\/en\/wp-json\/wp\/v2\/pages\/1287\/revisions"}],"predecessor-version":[{"id":2027,"href":"https:\/\/siga2025.com.br\/en\/wp-json\/wp\/v2\/pages\/1287\/revisions\/2027"}],"wp:attachment":[{"href":"https:\/\/siga2025.com.br\/en\/wp-json\/wp\/v2\/media?parent=1287"}],"curies":[{"name":"wp","href":"https:\/\/api.w.org\/{rel}","templated":true}]}}