{"id":1289,"date":"2025-03-10T13:47:16","date_gmt":"2025-03-10T13:47:16","guid":{"rendered":"https:\/\/siga2025.com.br\/?page_id=1289"},"modified":"2025-04-02T15:19:23","modified_gmt":"2025-04-02T15:19:23","slug":"inscricao","status":"publish","type":"page","link":"https:\/\/siga2025.com.br\/en\/inscricao\/","title":{"rendered":"Registration"},"content":{"rendered":"<div class=\"everest-forms\"><div class=\"evf-container default\" id=\"evf-1280\"><form id=\"evf-form-1280\" class=\"everest-form\" data-formid=\"1280\" data-ajax_submission=\"0\" data-keyboard_friendly_form=\"0\" data-form_state_type=\"\" method=\"post\" enctype=\"multipart\/form-data\" action=\"\/en\/wp-json\/wp\/v2\/pages\/1289\" data-trp-original-action=\"\/en\/wp-json\/wp\/v2\/pages\/1289\"><div class=\"evf-field-container\"><input type=\"hidden\" id=\"_wpnonce1280\" name=\"_wpnonce1280\" value=\"fdea755e1c\" \/><input type=\"hidden\" name=\"_wp_http_referer\" value=\"\/en\/wp-json\/wp\/v2\/pages\/1289\" \/><div class=\"evf-frontend-row\" data-row=\"row_1\" conditional_rules=\"[]\"><div class=\"evf-frontend-grid evf-grid-1\" data-grid=\"grid_1\"><div id=\"evf-1280-field_ys0GeZISRs-1-container\" class=\"evf-field evf-field-first-name form-row validate-required\" data-required-field-message=\"This field is required.\" data-field-id=\"ys0GeZISRs-1\"><label class=\"evf-field-label\" for=\"evf-1280-field_ys0GeZISRs-1\"><span class=\"evf-label\">Name<\/span> <abbr class=\"required\" title=\"Required\">*<\/abbr><\/label><input type=\"text\" id=\"evf-1280-field_ys0GeZISRs-1\" class=\"input-text\" name=\"everest_forms[form_fields][ys0GeZISRs-1]\" required><\/div><div id=\"evf-1280-field_LbH5NxasXM-2-container\" class=\"evf-field evf-field-email form-row validate-required validate-email\" data-required-field-message=\"Please enter a valid email address.\" data-field-id=\"LbH5NxasXM-2\"><label class=\"evf-field-label\" for=\"evf-1280-field_LbH5NxasXM-2\"><span class=\"evf-label\">Email<\/span> <abbr class=\"required\" title=\"Required\">*<\/abbr><\/label><input type=\"email\" id=\"evf-1280-field_LbH5NxasXM-2\" class=\"input-text\" name=\"everest_forms[form_fields][LbH5NxasXM-2]\" placeholder=\"name@email.com\" required><\/div><div id=\"evf-1280-field_66FR384cge-3-container\" class=\"evf-field evf-field-text form-row validate-required\" data-required-field-message=\"This field is required.\" data-field-id=\"66FR384cge-3\"><label class=\"evf-field-label\" for=\"evf-1280-field_66FR384cge-3\"><span class=\"evf-label\">ID | PIN | DNI | SSN | SSN<\/span> <abbr class=\"required\" title=\"Required\">*<\/abbr><\/label><input type=\"text\" id=\"evf-1280-field_66FR384cge-3\" class=\"input-text\" name=\"everest_forms[form_fields][66FR384cge-3]\" required><\/div><div id=\"evf-1280-field_iQcqsQ3Kii-5-container\" class=\"evf-field evf-field-text form-row validate-required\" data-required-field-message=\"This field is required.\" data-field-id=\"iQcqsQ3Kii-5\"><label class=\"evf-field-label\" for=\"evf-1280-field_iQcqsQ3Kii-5\"><span class=\"evf-label\">Country and State<\/span> <abbr class=\"required\" title=\"Required\">*<\/abbr><\/label><input type=\"text\" id=\"evf-1280-field_iQcqsQ3Kii-5\" class=\"input-text\" name=\"everest_forms[form_fields][iQcqsQ3Kii-5]\" required><\/div><div id=\"evf-1280-field_U0e33cZ1dl-7-container\" class=\"evf-field evf-field-radio form-row validate-required\" data-required-field-message=\"This field is required.\" data-field-id=\"U0e33cZ1dl-7\"><label class=\"evf-field-label\" for=\"evf-1280-field_U0e33cZ1dl-7\"><span class=\"evf-label\">Gender<\/span> <abbr class=\"required\" title=\"Required\">*<\/abbr><\/label><ul id=\"evf-1280-field_U0e33cZ1dl-7\" class=\"evf-field-required\"><li class=\"choice-1 depth-1\"><input type=\"radio\" id=\"evf-1280-field_U0e33cZ1dl-7_1\" class=\"input-text\" name=\"everest_forms[form_fields][U0e33cZ1dl-7]\" value=\"Masculine\" required><label class=\"everest-forms-field-label-inline\" for=\"evf-1280-field_U0e33cZ1dl-7_1\">Masculine<\/label><\/li><li class=\"choice-2 depth-1\"><input type=\"radio\" id=\"evf-1280-field_U0e33cZ1dl-7_2\" class=\"input-text\" name=\"everest_forms[form_fields][U0e33cZ1dl-7]\" value=\"Feminine\" required><label class=\"everest-forms-field-label-inline\" for=\"evf-1280-field_U0e33cZ1dl-7_2\">Feminine<\/label><\/li><li class=\"choice-3 depth-1\"><input type=\"radio\" id=\"evf-1280-field_U0e33cZ1dl-7_3\" class=\"input-text\" name=\"everest_forms[form_fields][U0e33cZ1dl-7]\" value=\"Non-Binary\" required><label class=\"everest-forms-field-label-inline\" for=\"evf-1280-field_U0e33cZ1dl-7_3\">Non-Binary<\/label><\/li><\/ul><\/div><div id=\"evf-1280-field_wXFkovuUgP-9-container\" class=\"evf-field evf-field-radio form-row multipla validate-required\" data-required-field-message=\"This field is required.\" data-field-id=\"wXFkovuUgP-9\"><label class=\"evf-field-label\" for=\"evf-1280-field_wXFkovuUgP-9\"><span class=\"evf-label\">Category<\/span> <abbr class=\"required\" title=\"Required\">*<\/abbr><\/label><ul id=\"evf-1280-field_wXFkovuUgP-9\" class=\"evf-field-required\"><li class=\"choice-6 depth-1\"><input type=\"radio\" id=\"evf-1280-field_wXFkovuUgP-9_6\" class=\"input-text\" name=\"everest_forms[form_fields][wXFkovuUgP-9]\" value=\"Member of the Gastronomy Academies\" required><label class=\"everest-forms-field-label-inline\" for=\"evf-1280-field_wXFkovuUgP-9_6\">Member of the Gastronomy Academies<\/label><\/li><li class=\"choice-1 depth-1\"><input type=\"radio\" id=\"evf-1280-field_wXFkovuUgP-9_1\" class=\"input-text\" name=\"everest_forms[form_fields][wXFkovuUgP-9]\" value=\"Undergraduate student\" required><label class=\"everest-forms-field-label-inline\" for=\"evf-1280-field_wXFkovuUgP-9_1\">Undergraduate student<\/label><\/li><li class=\"choice-2 depth-1\"><input type=\"radio\" id=\"evf-1280-field_wXFkovuUgP-9_2\" class=\"input-text\" name=\"everest_forms[form_fields][wXFkovuUgP-9]\" value=\"Graduate Student\" required><label class=\"everest-forms-field-label-inline\" for=\"evf-1280-field_wXFkovuUgP-9_2\">Graduate Student<\/label><\/li><li class=\"choice-3 depth-1\"><input type=\"radio\" id=\"evf-1280-field_wXFkovuUgP-9_3\" class=\"input-text\" name=\"everest_forms[form_fields][wXFkovuUgP-9]\" value=\"Basic Education Teacher\" required><label class=\"everest-forms-field-label-inline\" for=\"evf-1280-field_wXFkovuUgP-9_3\">Basic Education Teacher<\/label><\/li><li class=\"choice-4 depth-1\"><input type=\"radio\" id=\"evf-1280-field_wXFkovuUgP-9_4\" class=\"input-text\" name=\"everest_forms[form_fields][wXFkovuUgP-9]\" value=\"Higher education teacher\/ Researcher\" required><label class=\"everest-forms-field-label-inline\" for=\"evf-1280-field_wXFkovuUgP-9_4\">Higher education teacher\/ Researcher<\/label><\/li><li class=\"choice-5 depth-1\"><input type=\"radio\" id=\"evf-1280-field_wXFkovuUgP-9_5\" class=\"input-text\" name=\"everest_forms[form_fields][wXFkovuUgP-9]\" value=\"Others\" required><label class=\"everest-forms-field-label-inline\" for=\"evf-1280-field_wXFkovuUgP-9_5\">Others<\/label><\/li><\/ul><\/div><div id=\"evf-1280-field_sX4ieO5lrm-12-container\" class=\"evf-field evf-field-text form-row oculta\" data-field-id=\"sX4ieO5lrm-12\"><label class=\"evf-field-label\" for=\"evf-1280-field_sX4ieO5lrm-12\"><span class=\"evf-label\">Describe the category<\/span> <\/label><input type=\"text\" id=\"evf-1280-field_sX4ieO5lrm-12\" class=\"input-text\" name=\"everest_forms[form_fields][sX4ieO5lrm-12]\" ><\/div><\/div><\/div><div class=\"evf-frontend-row\" data-row=\"row_2\" conditional_rules=\"[]\"><div class=\"evf-frontend-grid evf-grid-1\" data-grid=\"grid_1\"><div id=\"evf-1280-field_ZdMGfPVKKA-10-container\" class=\"evf-field evf-field-checkbox form-row\" data-field-id=\"ZdMGfPVKKA-10\"><label class=\"evf-field-label\" for=\"evf-1280-field_ZdMGfPVKKA-10\"><span class=\"evf-label\">Select what you want to add<\/span> <\/label><ul id=\"evf-1280-field_ZdMGfPVKKA-10\"><li class=\"choice-1 depth-1\"><input type=\"checkbox\" id=\"evf-1280-field_ZdMGfPVKKA-10_1\" class=\"input-text\" name=\"everest_forms[form_fields][ZdMGfPVKKA-10][]\" value=\"Participate in Scientific Programming\"  ><label class=\"everest-forms-field-label-inline\" for=\"evf-1280-field_ZdMGfPVKKA-10_1\">Participate in Scientific Programming<\/label><\/li><li class=\"choice-2 depth-1\"><input type=\"checkbox\" id=\"evf-1280-field_ZdMGfPVKKA-10_2\" class=\"input-text\" name=\"everest_forms[form_fields][ZdMGfPVKKA-10][]\" value=\"Add the opening cocktail on August 28\"  ><label class=\"everest-forms-field-label-inline\" for=\"evf-1280-field_ZdMGfPVKKA-10_2\">Add the opening cocktail on August 28<\/label><\/li><li class=\"choice-3 depth-1\"><input type=\"checkbox\" id=\"evf-1280-field_ZdMGfPVKKA-10_3\" class=\"input-text\" name=\"everest_forms[form_fields][ZdMGfPVKKA-10][]\" value=\"Add the Technical Visit on August 30\"  ><label class=\"everest-forms-field-label-inline\" for=\"evf-1280-field_ZdMGfPVKKA-10_3\">Add the Technical Visit on August 30<\/label><\/li><\/ul><\/div><\/div><\/div><\/div><div class=\"evf-honeypot-container evf-field-hp\"><label for=\"evf-1280-field-hp\" class=\"evf-field-label\">Website<\/label><input type=\"text\" name=\"everest_forms[hp]\" id=\"evf-1280-field-hp\" class=\"input-text\"><\/div><div class=\"evf-submit-container\" ><input type=\"hidden\" name=\"everest_forms[id]\" value=\"1280\"><input type=\"hidden\" name=\"everest_forms[author]\" value=\"1\"><button type='submit' name='everest_forms[submit]' class='everest-forms-submit-button button evf-submit' id='evf-submit-1280' value='evf-submit' data-process-text=\"processando...\" conditional_rules='&quot;&quot;' conditional_id='evf-submit-1280'  aria-live=\"assertive\">Submit<\/button><\/div><input type=\"hidden\" name=\"trp-form-language\" value=\"en\"\/><\/form><\/div><!-- .evf-container --><\/div>\n\n\n<script>jQuery(document).ready(function($) {\r\n    \/\/ Fun\u00e7\u00e3o para verificar a sele\u00e7\u00e3o e mostrar\/ocultar o campo de texto\r\n    function verificarSelecao() {\r\n        \/\/ Verifica se o \u00faltimo radio (com valor \"outros\") est\u00e1 selecionado\r\n        if ($('.multipla input[type=\"radio\"]:last').is(':checked')) {\r\n            $('.oculta').addClass('visivel'); \/\/ Mostra o campo de texto com transi\u00e7\u00e3o\r\n        } else {\r\n            $('.oculta').removeClass('visivel'); \/\/ Oculta o campo de texto com transi\u00e7\u00e3o\r\n        }\r\n    }\r\n\r\n    \/\/ Verifica a sele\u00e7\u00e3o inicial ao carregar a p\u00e1gina\r\n    verificarSelecao();\r\n\r\n    \/\/ Adiciona um listener para verificar a sele\u00e7\u00e3o sempre que houver uma mudan\u00e7a\r\n    $('.multipla input[type=\"radio\"]').change(function() {\r\n        verificarSelecao();\r\n    });\r\n});<\/script>","protected":false},"excerpt":{"rendered":"","protected":false},"author":1,"featured_media":0,"parent":0,"menu_order":0,"comment_status":"closed","ping_status":"closed","template":"","meta":{"_eb_attr":"","_uag_custom_page_level_css":"","site-sidebar-layout":"default","site-content-layout":"","ast-site-content-layout":"default","site-content-style":"default","site-sidebar-style":"default","ast-global-header-display":"","ast-banner-title-visibility":"","ast-main-header-display":"","ast-hfb-above-header-display":"","ast-hfb-below-header-display":"","ast-hfb-mobile-header-display":"","site-post-title":"","ast-breadcrumbs-content":"","ast-featured-img":"","footer-sml-layout":"","ast-disable-related-posts":"","theme-transparent-header-meta":"","adv-header-id-meta":"","stick-header-meta":"","header-above-stick-meta":"","header-main-stick-meta":"","header-below-stick-meta":"","astra-migrate-meta-layouts":"set","ast-page-background-enabled":"default","ast-page-background-meta":{"desktop":{"background-color":"var(--ast-global-color-4)","background-image":"","background-repeat":"repeat","background-position":"center center","background-size":"auto","background-attachment":"scroll","background-type":"","background-media":"","overlay-type":"","overlay-color":"","overlay-opacity":"","overlay-gradient":""},"tablet":{"background-color":"","background-image":"","background-repeat":"repeat","background-position":"center center","background-size":"auto","background-attachment":"scroll","background-type":"","background-media":"","overlay-type":"","overlay-color":"","overlay-opacity":"","overlay-gradient":""},"mobile":{"background-color":"","background-image":"","background-repeat":"repeat","background-position":"center center","background-size":"auto","background-attachment":"scroll","background-type":"","background-media":"","overlay-type":"","overlay-color":"","overlay-opacity":"","overlay-gradient":""}},"ast-content-background-meta":{"desktop":{"background-color":"var(--ast-global-color-5)","background-image":"","background-repeat":"repeat","background-position":"center center","background-size":"auto","background-attachment":"scroll","background-type":"","background-media":"","overlay-type":"","overlay-color":"","overlay-opacity":"","overlay-gradient":""},"tablet":{"background-color":"var(--ast-global-color-5)","background-image":"","background-repeat":"repeat","background-position":"center center","background-size":"auto","background-attachment":"scroll","background-type":"","background-media":"","overlay-type":"","overlay-color":"","overlay-opacity":"","overlay-gradient":""},"mobile":{"background-color":"var(--ast-global-color-5)","background-image":"","background-repeat":"repeat","background-position":"center center","background-size":"auto","background-attachment":"scroll","background-type":"","background-media":"","overlay-type":"","overlay-color":"","overlay-opacity":"","overlay-gradient":""}},"_themeisle_gutenberg_block_has_review":false,"footnotes":"","_links_to":"","_links_to_target":""},"class_list":["post-1289","page","type-page","status-publish","hentry"],"uagb_featured_image_src":{"full":false,"thumbnail":false,"medium":false,"medium_large":false,"large":false,"1536x1536":false,"2048x2048":false,"trp-custom-language-flag":false},"uagb_author_info":{"display_name":"carreiralarissac@gmail.com","author_link":"https:\/\/siga2025.com.br\/en\/author\/carreiralarissacgmail-com\/"},"uagb_comment_info":0,"uagb_excerpt":null,"_links":{"self":[{"href":"https:\/\/siga2025.com.br\/en\/wp-json\/wp\/v2\/pages\/1289","targetHints":{"allow":["GET"]}}],"collection":[{"href":"https:\/\/siga2025.com.br\/en\/wp-json\/wp\/v2\/pages"}],"about":[{"href":"https:\/\/siga2025.com.br\/en\/wp-json\/wp\/v2\/types\/page"}],"author":[{"embeddable":true,"href":"https:\/\/siga2025.com.br\/en\/wp-json\/wp\/v2\/users\/1"}],"replies":[{"embeddable":true,"href":"https:\/\/siga2025.com.br\/en\/wp-json\/wp\/v2\/comments?post=1289"}],"version-history":[{"count":3,"href":"https:\/\/siga2025.com.br\/en\/wp-json\/wp\/v2\/pages\/1289\/revisions"}],"predecessor-version":[{"id":2090,"href":"https:\/\/siga2025.com.br\/en\/wp-json\/wp\/v2\/pages\/1289\/revisions\/2090"}],"wp:attachment":[{"href":"https:\/\/siga2025.com.br\/en\/wp-json\/wp\/v2\/media?parent=1289"}],"curies":[{"name":"wp","href":"https:\/\/api.w.org\/{rel}","templated":true}]}}