{"id":1328,"date":"2025-03-10T22:38:16","date_gmt":"2025-03-10T22:38:16","guid":{"rendered":"https:\/\/siga2025.com.br\/?page_id=1328"},"modified":"2025-08-29T14:03:30","modified_gmt":"2025-08-29T14:03:30","slug":"programacao-cientifica","status":"publish","type":"page","link":"https:\/\/siga2025.com.br\/en\/programacao-cientifica\/","title":{"rendered":"Scientific Program"},"content":{"rendered":"<h4 class=\"wp-block-heading\" style=\"line-height:1.5\">WHERE:<strong> Auditorium of the ICSA Institute (Instituto de Ci\u00eancias Sociais Aplicadas)<\/strong> - ICSA Address:<br>Augusto Corr\u00eaa Street, 01, Guam\u00e1 University Campus, Professional Sector, Institute of Applied Social Sciences - Guam\u00e1 Neighborhood - CEP 66075-110 - Bel\u00e9m - Par\u00e1 - Amazon - Brazil<\/h4>\n\n\n\n<h5 class=\"wp-block-heading\"><strong>August 28 \u2013 Thursday<\/strong><\/h5>\n\n\n\n<p>9:00 AM \u2013 Official opening<\/p>\n\n\n\n<p>9:30 AM \u2013 Opening conferences: Keynote Lectures (simultaneous translation will be available)<\/p>\n\n\n\n<p class=\"ticss-d6de182b\">9:30 AM<br><a class=\"link-palestrante\" onclick=\"openModal('claudeModal'); return false;\" href=\"#\">Claude Fischler<\/a> &#8211; Eating together: A perspective on commensality<br>10:00 AM<br><a class=\"link-palestrante\" onclick=\"openModal('olofModal'); return false;\" href=\"#\">Per Olof Berg<\/a> &#8211; Regional gastronomy as a sustainable development strategy?<\/p>\n\n\n\n<p>10:30 AM \u2013 Break<\/p>\n\n\n\n<p>11:00 AM \u2013 Society, Territory and Cultural Heritage<\/p>\n\n\n\n<p class=\"ticss-d35f28c8\">10:00 AM<br><a href=\"#\" class=\"link-palestrante\" onclick=\"openModal('sidModal'); return false;\">Sidiana Macedo<\/a>\n - The Amazon cuisine, a mestizo cuisine<br>11:30 AM<br><a href=\"#\" class=\"link-palestrante\" onclick=\"openModal('marcosModal'); return false;\">Marcos Miguel<\/a>\n - Fermented ethnic foods: a look beyond cultural tradition<br>12:00 PM<br><a href=\"#\" class=\"link-palestrante\" onclick=\"openModal('telmaModal'); return false;\">Telma Shimizu<\/a>\n \u2013 Nippo-Brazilian culinary: the contribution of japanese imigrants and their descendants to the construction of Brazilian food diversity<\/p>\n\n\n\n<p>12:30 PM \u2013 Lunch Break<\/p>\n\n\n\n<p>2:00 PM \u2013 Public Policies and Private Initiatives for Sustainable Regional Gastronomy<\/p>\n\n\n\n<p class=\"ticss-f1958b9f\">2:00 PM<br><a href=\"#\" class=\"link-palestrante\" onclick=\"openModal('gabrielModal'); return false;\">Gabriel Sola<\/a>\n - The importance of public policies in strengthening agriculture, retaining people in the countryside, and preserving the Environment<br>2:30 PM<br><a href=\"#\" class=\"link-palestrante\" onclick=\"openModal('renataModal'); return false;\">Renata Cabrera<\/a>\n - From farm to table: biodiversity as the pathway to our the future<br>3:00 PM<br><a href=\"#\" class=\"link-palestrante\" onclick=\"openModal('deniseModal'); return false;\">Denise de Oliveira e Silva<\/a> \u2013 Journal of Food and Culture of the Americas<\/p>\n\n\n\n<p>3:30 PM \u2013 Break<\/p>\n\n\n\n<p>4:00 PM \u2013 Trends in International Gastronomy, Sustainability, and the Market<\/p>\n\n\n\n<p class=\"ticss-1233c44d\">4:00 PM<br><a href=\"#\" class=\"link-palestrante\" onclick=\"openModal('morenaModal'); return false;\">Morena Leite<\/a> &#8211; A internacionaliza\u00e7\u00e3o da Cozinha Brasileira<br>4:30 PM<br><a href=\"#\" class=\"link-palestrante\" onclick=\"openModal('pauloModal'); return false;\">Paulo Machado<\/a>\n - Gastronomic Routes<br>5:00 PM&nbsp;<br><a href=\"#\" class=\"link-palestrante\" onclick=\"openModal('silvioModal'); return false;\">Silvio Barros<\/a> \u2013 Sustainability and the development of tourism and gastronomy in Brazilian cities<\/p>\n\n\n\n<p>5:30 PM \u2013 Closing of Day 1: Keynote Lecture<\/p>\n\n\n\n<p class=\"ticss-cf4a40d6\"><a class=\"link-palestrante\" onclick=\"openModal('claudeModal'); return false;\" href=\"#\">Claude Fischler<\/a> and <a class=\"link-palestrante\" onclick=\"openModal('olofModal'); return false;\" href=\"#\">Per Olof Berg<\/a> \u2013 Gastronomics: an emerging hybrid science area?<\/p>\n\n\n\n<p>6:00 PM \u2013 Cocktail&nbsp;<\/p>\n\n\n\n<hr class=\"wp-block-separator has-alpha-channel-opacity\"\/>\n\n\n\n<h5 class=\"wp-block-heading\"><strong>August 29 \u2013 Friday<\/strong><\/h5>\n\n\n\n<p>9:00 AM \u2013 Thematic panels with presentation of scientific papers<\/p>\n\n\n\n<p>12 PM - Keynote Lecture<\/p>\n\n\n\n<p class=\"ticss-cf4a40d6\"><a class=\"link-palestrante\" onclick=\"openModal('rafaelModal'); return false;\" href=\"#\">Rafael Ans\u00f3n Oliart<\/a> \u2013 Global vision of gastronomy in the 21st Century (videoconference)<\/p>\n\n\n\n<p>12:30 PM \u2013 Lunch Break<\/p>\n\n\n\n<p>2:00 PM \u2013 Roundtable I&nbsp;<\/p>\n\n\n\n<p class=\"ticss-68e61623\">Territorial Experiences in Regional Gastronomy \u2013 UNESCO Creative Cities of Gastronomy: Bel\u00e9m, Belo Horizonte, and Florian\u00f3polis<br><a class=\"link-palestrante\" onclick=\"openModal('eduardoModal'); return false;\" href=\"#\">Eduardo Cruvinel<\/a><br><a class=\"link-palestrante\" onclick=\"openModal('fabianaModal'); return false;\" href=\"#\">Fabiana Mortimer Amaral<\/a><\/p>\n\n\n\n<p>3:30 PM \u2013 Break<\/p>\n\n\n\n<p>3:00 PM \u2013 Roundtable II&nbsp;<\/p>\n\n\n\n<p class=\"ticss-aced2ff5\">Pan-Amazon Cooperation for the Development of Regional Gastronomy, with the participation of the Brazilian Academy of Gastronomy (ABG), Association of Amazonian Universities (UNAMAZ).<br><a class=\"link-palestrante\" onclick=\"openModal('alvaroModal'); return false;\" href=\"#\">\u00c1lvaro do Esp\u00edrito Santo<\/a><br><a href=\" #\" class=\"link-palestrante\" onclick=\" openModal('giseleModal'); return false;\">Gisele Arouck<\/a><br><a class=\"link-palestrante\" onclick=\"openModal('joseModal'); return false;\" href=\"#\">Jos\u00e9 Seixas Louren\u00e7o<\/a> <br><a class=\"link-palestrante\" onclick=\"openModal('morenaModal'); return false;\" href=\"#\">Morena Leite<\/a><br><a class=\"link-palestrante\" onclick=\"openModal('rosarioModal'); return false;\" href=\"#\">Rosario Olivas Weston<\/a><\/p>\n\n\n\n<p>5:30 PM \u2013 Closing ceremony and reading of the Letter of Bel\u00e9m<\/p>\n\n\n\n<p><\/p>","protected":false},"excerpt":{"rendered":"<p>ONDE: Audit\u00f3rio do Instituto de Ci\u00eancias Sociais Aplicadas &#8211; ICSA Endere\u00e7o:Rua Augusto Corr\u00eaa, 01, Campus Universit\u00e1rio do Guam\u00e1, Setor Profissional, Instituto de Ci\u00eancias Sociais Aplicadas &#8211; Bairro Guam\u00e1 &#8211; CEP 66075-110 &#8211; Bel\u00e9m &#8211; Par\u00e1 &#8211; Amaz\u00f4nia &#8211; Brasil DIA 28\/8 \u2013 quinta-feira 9h \u2013 Abertura oficial 9h30 \u2013 Confer\u00eancias de abertura: Aulas Magnas (tradu\u00e7\u00e3o [&hellip;]<\/p>","protected":false},"author":1,"featured_media":0,"parent":0,"menu_order":0,"comment_status":"closed","ping_status":"closed","template":"","meta":{"_eb_attr":"","_uag_custom_page_level_css":"","site-sidebar-layout":"default","site-content-layout":"","ast-site-content-layout":"default","site-content-style":"default","site-sidebar-style":"default","ast-global-header-display":"","ast-banner-title-visibility":"","ast-main-header-display":"","ast-hfb-above-header-display":"","ast-hfb-below-header-display":"","ast-hfb-mobile-header-display":"","site-post-title":"","ast-breadcrumbs-content":"","ast-featured-img":"","footer-sml-layout":"","ast-disable-related-posts":"","theme-transparent-header-meta":"","adv-header-id-meta":"","stick-header-meta":"","header-above-stick-meta":"","header-main-stick-meta":"","header-below-stick-meta":"","astra-migrate-meta-layouts":"set","ast-page-background-enabled":"default","ast-page-background-meta":{"desktop":{"background-color":"var(--ast-global-color-4)","background-image":"","background-repeat":"repeat","background-position":"center center","background-size":"auto","background-attachment":"scroll","background-type":"","background-media":"","overlay-type":"","overlay-color":"","overlay-opacity":"","overlay-gradient":""},"tablet":{"background-color":"","background-image":"","background-repeat":"repeat","background-position":"center center","background-size":"auto","background-attachment":"scroll","background-type":"","background-media":"","overlay-type":"","overlay-color":"","overlay-opacity":"","overlay-gradient":""},"mobile":{"background-color":"","background-image":"","background-repeat":"repeat","background-position":"center center","background-size":"auto","background-attachment":"scroll","background-type":"","background-media":"","overlay-type":"","overlay-color":"","overlay-opacity":"","overlay-gradient":""}},"ast-content-background-meta":{"desktop":{"background-color":"var(--ast-global-color-5)","background-image":"","background-repeat":"repeat","background-position":"center center","background-size":"auto","background-attachment":"scroll","background-type":"","background-media":"","overlay-type":"","overlay-color":"","overlay-opacity":"","overlay-gradient":""},"tablet":{"background-color":"var(--ast-global-color-5)","background-image":"","background-repeat":"repeat","background-position":"center center","background-size":"auto","background-attachment":"scroll","background-type":"","background-media":"","overlay-type":"","overlay-color":"","overlay-opacity":"","overlay-gradient":""},"mobile":{"background-color":"var(--ast-global-color-5)","background-image":"","background-repeat":"repeat","background-position":"center center","background-size":"auto","background-attachment":"scroll","background-type":"","background-media":"","overlay-type":"","overlay-color":"","overlay-opacity":"","overlay-gradient":""}},"_themeisle_gutenberg_block_has_review":false,"footnotes":"","_links_to":"","_links_to_target":""},"class_list":["post-1328","page","type-page","status-publish","hentry"],"uagb_featured_image_src":{"full":false,"thumbnail":false,"medium":false,"medium_large":false,"large":false,"1536x1536":false,"2048x2048":false,"trp-custom-language-flag":false},"uagb_author_info":{"display_name":"carreiralarissac@gmail.com","author_link":"https:\/\/siga2025.com.br\/en\/author\/carreiralarissacgmail-com\/"},"uagb_comment_info":0,"uagb_excerpt":"ONDE: Audit\u00f3rio do Instituto de Ci\u00eancias Sociais Aplicadas &#8211; ICSA Endere\u00e7o:Rua Augusto Corr\u00eaa, 01, Campus Universit\u00e1rio do Guam\u00e1, Setor Profissional, Instituto de Ci\u00eancias Sociais Aplicadas &#8211; Bairro Guam\u00e1 &#8211; CEP 66075-110 &#8211; Bel\u00e9m &#8211; Par\u00e1 &#8211; Amaz\u00f4nia &#8211; Brasil DIA 28\/8 \u2013 quinta-feira 9h \u2013 Abertura oficial 9h30 \u2013 Confer\u00eancias de abertura: Aulas Magnas (tradu\u00e7\u00e3o&hellip;","_links":{"self":[{"href":"https:\/\/siga2025.com.br\/en\/wp-json\/wp\/v2\/pages\/1328","targetHints":{"allow":["GET"]}}],"collection":[{"href":"https:\/\/siga2025.com.br\/en\/wp-json\/wp\/v2\/pages"}],"about":[{"href":"https:\/\/siga2025.com.br\/en\/wp-json\/wp\/v2\/types\/page"}],"author":[{"embeddable":true,"href":"https:\/\/siga2025.com.br\/en\/wp-json\/wp\/v2\/users\/1"}],"replies":[{"embeddable":true,"href":"https:\/\/siga2025.com.br\/en\/wp-json\/wp\/v2\/comments?post=1328"}],"version-history":[{"count":44,"href":"https:\/\/siga2025.com.br\/en\/wp-json\/wp\/v2\/pages\/1328\/revisions"}],"predecessor-version":[{"id":2440,"href":"https:\/\/siga2025.com.br\/en\/wp-json\/wp\/v2\/pages\/1328\/revisions\/2440"}],"wp:attachment":[{"href":"https:\/\/siga2025.com.br\/en\/wp-json\/wp\/v2\/media?parent=1328"}],"curies":[{"name":"wp","href":"https:\/\/api.w.org\/{rel}","templated":true}]}}