{"id":1330,"date":"2025-03-10T22:40:20","date_gmt":"2025-03-10T22:40:20","guid":{"rendered":"https:\/\/siga2025.com.br\/?page_id=1330"},"modified":"2025-05-03T20:20:03","modified_gmt":"2025-05-03T20:20:03","slug":"visita-tecnica","status":"publish","type":"page","link":"https:\/\/siga2025.com.br\/en\/visita-tecnica\/","title":{"rendered":"Technical Visit \u2013 Optional"},"content":{"rendered":"<h3 class=\"wp-block-heading\">WHERE: meeting point to be previously informed to the participants<\/h3>\n\n\n\n<h3 class=\"wp-block-heading\">August 30 \u2013 Saturday<\/h3>\n\n\n\n<p>9:00 AM to 5:00 PM \u2013 Field Day: Technical visit to Comb\u00fa Island and experience of riverside life \u2013 trail walk in the forest, presentation of Amazonian ways of life, and knowledge of the processes of harvesting, fermentation, and drying of organic cacao, including tasting of artisanal chocolates that use it as an ingredient.<\/p>\n\n\n\n<p><\/p>","protected":false},"excerpt":{"rendered":"<p>ONDE: ponto de encontro a ser previamente informado aos participantes DIA 30\/8 \u2013 s\u00e1bado 9h \u00e0s 17h &#8211; Dia de campo: visita t\u00e9cnica na Ilha do Comb\u00fa e viv\u00eancia da vida ribeirinha \u2013 percurso em trilha na floresta, apresenta\u00e7\u00e3o de modos de vida amaz\u00f4nica e conhecimento dos processos de colheita, fermenta\u00e7\u00e3o e secagem do cacau [&hellip;]<\/p>","protected":false},"author":1,"featured_media":0,"parent":0,"menu_order":0,"comment_status":"closed","ping_status":"closed","template":"","meta":{"_eb_attr":"","_uag_custom_page_level_css":"","site-sidebar-layout":"default","site-content-layout":"","ast-site-content-layout":"default","site-content-style":"default","site-sidebar-style":"default","ast-global-header-display":"","ast-banner-title-visibility":"","ast-main-header-display":"","ast-hfb-above-header-display":"","ast-hfb-below-header-display":"","ast-hfb-mobile-header-display":"","site-post-title":"","ast-breadcrumbs-content":"","ast-featured-img":"","footer-sml-layout":"","ast-disable-related-posts":"","theme-transparent-header-meta":"","adv-header-id-meta":"","stick-header-meta":"","header-above-stick-meta":"","header-main-stick-meta":"","header-below-stick-meta":"","astra-migrate-meta-layouts":"set","ast-page-background-enabled":"default","ast-page-background-meta":{"desktop":{"background-color":"var(--ast-global-color-4)","background-image":"","background-repeat":"repeat","background-position":"center center","background-size":"auto","background-attachment":"scroll","background-type":"","background-media":"","overlay-type":"","overlay-color":"","overlay-opacity":"","overlay-gradient":""},"tablet":{"background-color":"","background-image":"","background-repeat":"repeat","background-position":"center center","background-size":"auto","background-attachment":"scroll","background-type":"","background-media":"","overlay-type":"","overlay-color":"","overlay-opacity":"","overlay-gradient":""},"mobile":{"background-color":"","background-image":"","background-repeat":"repeat","background-position":"center center","background-size":"auto","background-attachment":"scroll","background-type":"","background-media":"","overlay-type":"","overlay-color":"","overlay-opacity":"","overlay-gradient":""}},"ast-content-background-meta":{"desktop":{"background-color":"var(--ast-global-color-5)","background-image":"","background-repeat":"repeat","background-position":"center center","background-size":"auto","background-attachment":"scroll","background-type":"","background-media":"","overlay-type":"","overlay-color":"","overlay-opacity":"","overlay-gradient":""},"tablet":{"background-color":"var(--ast-global-color-5)","background-image":"","background-repeat":"repeat","background-position":"center center","background-size":"auto","background-attachment":"scroll","background-type":"","background-media":"","overlay-type":"","overlay-color":"","overlay-opacity":"","overlay-gradient":""},"mobile":{"background-color":"var(--ast-global-color-5)","background-image":"","background-repeat":"repeat","background-position":"center center","background-size":"auto","background-attachment":"scroll","background-type":"","background-media":"","overlay-type":"","overlay-color":"","overlay-opacity":"","overlay-gradient":""}},"_themeisle_gutenberg_block_has_review":false,"footnotes":"","_links_to":"","_links_to_target":""},"class_list":["post-1330","page","type-page","status-publish","hentry"],"uagb_featured_image_src":{"full":false,"thumbnail":false,"medium":false,"medium_large":false,"large":false,"1536x1536":false,"2048x2048":false,"trp-custom-language-flag":false},"uagb_author_info":{"display_name":"carreiralarissac@gmail.com","author_link":"https:\/\/siga2025.com.br\/en\/author\/carreiralarissacgmail-com\/"},"uagb_comment_info":0,"uagb_excerpt":"ONDE: ponto de encontro a ser previamente informado aos participantes DIA 30\/8 \u2013 s\u00e1bado 9h \u00e0s 17h &#8211; Dia de campo: visita t\u00e9cnica na Ilha do Comb\u00fa e viv\u00eancia da vida ribeirinha \u2013 percurso em trilha na floresta, apresenta\u00e7\u00e3o de modos de vida amaz\u00f4nica e conhecimento dos processos de colheita, fermenta\u00e7\u00e3o e secagem do cacau&hellip;","_links":{"self":[{"href":"https:\/\/siga2025.com.br\/en\/wp-json\/wp\/v2\/pages\/1330","targetHints":{"allow":["GET"]}}],"collection":[{"href":"https:\/\/siga2025.com.br\/en\/wp-json\/wp\/v2\/pages"}],"about":[{"href":"https:\/\/siga2025.com.br\/en\/wp-json\/wp\/v2\/types\/page"}],"author":[{"embeddable":true,"href":"https:\/\/siga2025.com.br\/en\/wp-json\/wp\/v2\/users\/1"}],"replies":[{"embeddable":true,"href":"https:\/\/siga2025.com.br\/en\/wp-json\/wp\/v2\/comments?post=1330"}],"version-history":[{"count":6,"href":"https:\/\/siga2025.com.br\/en\/wp-json\/wp\/v2\/pages\/1330\/revisions"}],"predecessor-version":[{"id":2194,"href":"https:\/\/siga2025.com.br\/en\/wp-json\/wp\/v2\/pages\/1330\/revisions\/2194"}],"wp:attachment":[{"href":"https:\/\/siga2025.com.br\/en\/wp-json\/wp\/v2\/media?parent=1330"}],"curies":[{"name":"wp","href":"https:\/\/api.w.org\/{rel}","templated":true}]}}