{"id":1332,"date":"2025-03-10T22:40:57","date_gmt":"2025-03-10T22:40:57","guid":{"rendered":"https:\/\/siga2025.com.br\/?page_id=1332"},"modified":"2025-04-30T01:04:36","modified_gmt":"2025-04-30T01:04:36","slug":"cronograma","status":"publish","type":"page","link":"https:\/\/siga2025.com.br\/en\/cronograma\/","title":{"rendered":"Schedule"},"content":{"rendered":"<p><\/p>\n\n\n\n<figure class=\"wp-block-table is-style-regular ticss-8f9d7d2d\"><table class=\"has-fixed-layout\"><tbody><tr><td><strong>DATE&nbsp;<\/strong><\/td><td><strong>ACTIVITIES<\/strong><\/td><\/tr><tr><td><strong>March 28, 2025<\/strong><\/td><td>Opening of early registration with discount and call for submission of research abstracts leading to the presentation of scientific papers<\/td><\/tr><tr><td><strong>May 30, 2025\u00a0<\/strong><\/td><td>Deadline for submission of research abstracts&nbsp;<\/td><\/tr><tr><td><strong>May 31, 2025<\/strong><\/td><td>Final deadline for early registration with discount&nbsp;<\/td><\/tr><tr><td><strong>June 1st, 2025<\/strong><\/td><td>Start of registration at full price&nbsp;<\/td><\/tr><tr><td><strong>June 30, 2025<\/strong><\/td><td>Notification of acceptance to scientific paper presenters and definition of thematic areas \u00a0<\/td><\/tr><tr><td><strong>August 28 to 30, 2025&nbsp;<\/strong><\/td><td>SIGA 2025<\/td><\/tr><\/tbody><\/table><\/figure>","protected":false},"excerpt":{"rendered":"<p>DATA&nbsp; ATIVIDADES 28 de mar\u00e7o de 2025 Abertura das inscri\u00e7\u00f5es antecipadas com desconto e chamada para submiss\u00e3o de resumos de pesquisa a culminar na apresenta\u00e7\u00e3o de trabalhos cient\u00edficos 30 de maio de 2025\u00a0 Prazo final para submiss\u00e3o dos resumos de pesquisa&nbsp; 31 de maio de 2025 Prazo final para as inscri\u00e7\u00f5es antecipadas com desconto&nbsp; 1\u00ba [&hellip;]<\/p>","protected":false},"author":1,"featured_media":0,"parent":0,"menu_order":0,"comment_status":"closed","ping_status":"closed","template":"","meta":{"_eb_attr":"","_uag_custom_page_level_css":"","site-sidebar-layout":"default","site-content-layout":"","ast-site-content-layout":"default","site-content-style":"default","site-sidebar-style":"default","ast-global-header-display":"","ast-banner-title-visibility":"","ast-main-header-display":"","ast-hfb-above-header-display":"","ast-hfb-below-header-display":"","ast-hfb-mobile-header-display":"","site-post-title":"","ast-breadcrumbs-content":"","ast-featured-img":"","footer-sml-layout":"","ast-disable-related-posts":"","theme-transparent-header-meta":"","adv-header-id-meta":"","stick-header-meta":"","header-above-stick-meta":"","header-main-stick-meta":"","header-below-stick-meta":"","astra-migrate-meta-layouts":"set","ast-page-background-enabled":"default","ast-page-background-meta":{"desktop":{"background-color":"var(--ast-global-color-4)","background-image":"","background-repeat":"repeat","background-position":"center center","background-size":"auto","background-attachment":"scroll","background-type":"","background-media":"","overlay-type":"","overlay-color":"","overlay-opacity":"","overlay-gradient":""},"tablet":{"background-color":"","background-image":"","background-repeat":"repeat","background-position":"center center","background-size":"auto","background-attachment":"scroll","background-type":"","background-media":"","overlay-type":"","overlay-color":"","overlay-opacity":"","overlay-gradient":""},"mobile":{"background-color":"","background-image":"","background-repeat":"repeat","background-position":"center center","background-size":"auto","background-attachment":"scroll","background-type":"","background-media":"","overlay-type":"","overlay-color":"","overlay-opacity":"","overlay-gradient":""}},"ast-content-background-meta":{"desktop":{"background-color":"var(--ast-global-color-5)","background-image":"","background-repeat":"repeat","background-position":"center center","background-size":"auto","background-attachment":"scroll","background-type":"","background-media":"","overlay-type":"","overlay-color":"","overlay-opacity":"","overlay-gradient":""},"tablet":{"background-color":"var(--ast-global-color-5)","background-image":"","background-repeat":"repeat","background-position":"center center","background-size":"auto","background-attachment":"scroll","background-type":"","background-media":"","overlay-type":"","overlay-color":"","overlay-opacity":"","overlay-gradient":""},"mobile":{"background-color":"var(--ast-global-color-5)","background-image":"","background-repeat":"repeat","background-position":"center center","background-size":"auto","background-attachment":"scroll","background-type":"","background-media":"","overlay-type":"","overlay-color":"","overlay-opacity":"","overlay-gradient":""}},"_themeisle_gutenberg_block_has_review":false,"footnotes":"","_links_to":"","_links_to_target":""},"class_list":["post-1332","page","type-page","status-publish","hentry"],"uagb_featured_image_src":{"full":false,"thumbnail":false,"medium":false,"medium_large":false,"large":false,"1536x1536":false,"2048x2048":false,"trp-custom-language-flag":false},"uagb_author_info":{"display_name":"carreiralarissac@gmail.com","author_link":"https:\/\/siga2025.com.br\/en\/author\/carreiralarissacgmail-com\/"},"uagb_comment_info":0,"uagb_excerpt":"DATA&nbsp; ATIVIDADES 28 de mar\u00e7o de 2025 Abertura das inscri\u00e7\u00f5es antecipadas com desconto e chamada para submiss\u00e3o de resumos de pesquisa a culminar na apresenta\u00e7\u00e3o de trabalhos cient\u00edficos 30 de maio de 2025\u00a0 Prazo final para submiss\u00e3o dos resumos de pesquisa&nbsp; 31 de maio de 2025 Prazo final para as inscri\u00e7\u00f5es antecipadas com desconto&nbsp; 1\u00ba&hellip;","_links":{"self":[{"href":"https:\/\/siga2025.com.br\/en\/wp-json\/wp\/v2\/pages\/1332","targetHints":{"allow":["GET"]}}],"collection":[{"href":"https:\/\/siga2025.com.br\/en\/wp-json\/wp\/v2\/pages"}],"about":[{"href":"https:\/\/siga2025.com.br\/en\/wp-json\/wp\/v2\/types\/page"}],"author":[{"embeddable":true,"href":"https:\/\/siga2025.com.br\/en\/wp-json\/wp\/v2\/users\/1"}],"replies":[{"embeddable":true,"href":"https:\/\/siga2025.com.br\/en\/wp-json\/wp\/v2\/comments?post=1332"}],"version-history":[{"count":9,"href":"https:\/\/siga2025.com.br\/en\/wp-json\/wp\/v2\/pages\/1332\/revisions"}],"predecessor-version":[{"id":2183,"href":"https:\/\/siga2025.com.br\/en\/wp-json\/wp\/v2\/pages\/1332\/revisions\/2183"}],"wp:attachment":[{"href":"https:\/\/siga2025.com.br\/en\/wp-json\/wp\/v2\/media?parent=1332"}],"curies":[{"name":"wp","href":"https:\/\/api.w.org\/{rel}","templated":true}]}}