{"id":1344,"date":"2025-03-10T22:46:11","date_gmt":"2025-03-10T22:46:11","guid":{"rendered":"https:\/\/siga2025.com.br\/?page_id=1344"},"modified":"2025-05-07T00:14:53","modified_gmt":"2025-05-07T00:14:53","slug":"valores-2","status":"publish","type":"page","link":"https:\/\/siga2025.com.br\/en\/valores-2\/","title":{"rendered":"Fees"},"content":{"rendered":"<div class=\"wp-block-uagb-advanced-heading uagb-block-3e5113ab ticss-57115f25\"><h4 class=\"uagb-heading-text\">Scientific Schedule (August 28 and 29)<\/h4><\/div>\n\n\n\n\n\n<figure class=\"wp-block-image aligncenter size-full is-resized\"><img fetchpriority=\"high\" decoding=\"async\" width=\"2560\" height=\"1025\" src=\"https:\/\/siga2025.com.br\/wp-content\/uploads\/2025\/03\/tabela_membros-ing-scaled.webp\" alt=\"\" class=\"wp-image-2063\" style=\"width:958px;height:auto\" srcset=\"https:\/\/siga2025.com.br\/wp-content\/uploads\/2025\/03\/tabela_membros-ing-scaled.webp 2560w, https:\/\/siga2025.com.br\/wp-content\/uploads\/2025\/03\/tabela_membros-ing-300x120.webp 300w, https:\/\/siga2025.com.br\/wp-content\/uploads\/2025\/03\/tabela_membros-ing-1024x410.webp 1024w, https:\/\/siga2025.com.br\/wp-content\/uploads\/2025\/03\/tabela_membros-ing-768x308.webp 768w, https:\/\/siga2025.com.br\/wp-content\/uploads\/2025\/03\/tabela_membros-ing-1536x615.webp 1536w, https:\/\/siga2025.com.br\/wp-content\/uploads\/2025\/03\/tabela_membros-ing-2048x820.webp 2048w, https:\/\/siga2025.com.br\/wp-content\/uploads\/2025\/03\/tabela_membros-ing-18x7.webp 18w\" sizes=\"(max-width: 2560px) 100vw, 2560px\" \/><\/figure>\n\n\n\n\n\n<figure class=\"wp-block-image aligncenter size-full is-resized\"><img decoding=\"async\" width=\"2560\" height=\"1750\" src=\"https:\/\/siga2025.com.br\/wp-content\/uploads\/2025\/03\/tabela_ing-1-scaled.webp\" alt=\"\" class=\"wp-image-2065\" style=\"width:1126px;height:auto\" srcset=\"https:\/\/siga2025.com.br\/wp-content\/uploads\/2025\/03\/tabela_ing-1-scaled.webp 2560w, https:\/\/siga2025.com.br\/wp-content\/uploads\/2025\/03\/tabela_ing-1-300x205.webp 300w, https:\/\/siga2025.com.br\/wp-content\/uploads\/2025\/03\/tabela_ing-1-1024x700.webp 1024w, https:\/\/siga2025.com.br\/wp-content\/uploads\/2025\/03\/tabela_ing-1-768x525.webp 768w, https:\/\/siga2025.com.br\/wp-content\/uploads\/2025\/03\/tabela_ing-1-1536x1050.webp 1536w, https:\/\/siga2025.com.br\/wp-content\/uploads\/2025\/03\/tabela_ing-1-2048x1400.webp 2048w, https:\/\/siga2025.com.br\/wp-content\/uploads\/2025\/03\/tabela_ing-1-18x12.webp 18w\" sizes=\"(max-width: 2560px) 100vw, 2560px\" \/><\/figure>\n\n\n\n<div class=\"wp-block-uagb-advanced-heading uagb-block-5a605d1c ticss-57115f25\"><h4 class=\"uagb-heading-text\">Technical Visit (August 30)<\/h4><\/div>\n\n\n\n<figure class=\"wp-block-image size-full\"><img decoding=\"async\" width=\"2560\" height=\"662\" src=\"https:\/\/siga2025.com.br\/wp-content\/uploads\/2025\/05\/vistec_ing@900x-scaled.webp\" alt=\"\" class=\"wp-image-2198\" srcset=\"https:\/\/siga2025.com.br\/wp-content\/uploads\/2025\/05\/vistec_ing@900x-scaled.webp 2560w, https:\/\/siga2025.com.br\/wp-content\/uploads\/2025\/05\/vistec_ing@900x-300x78.webp 300w, https:\/\/siga2025.com.br\/wp-content\/uploads\/2025\/05\/vistec_ing@900x-1024x265.webp 1024w, https:\/\/siga2025.com.br\/wp-content\/uploads\/2025\/05\/vistec_ing@900x-768x199.webp 768w, https:\/\/siga2025.com.br\/wp-content\/uploads\/2025\/05\/vistec_ing@900x-1536x397.webp 1536w, https:\/\/siga2025.com.br\/wp-content\/uploads\/2025\/05\/vistec_ing@900x-2048x529.webp 2048w, https:\/\/siga2025.com.br\/wp-content\/uploads\/2025\/05\/vistec_ing@900x-18x5.webp 18w\" sizes=\"(max-width: 2560px) 100vw, 2560px\" \/><\/figure>","protected":false},"excerpt":{"rendered":"<p>Programa\u00e7\u00e3o cient\u00edfica (28 e 29 de agosto) visita t\u00e9cnica (30 de agosto)<\/p>","protected":false},"author":1,"featured_media":0,"parent":0,"menu_order":0,"comment_status":"closed","ping_status":"closed","template":"","meta":{"_eb_attr":"","_uag_custom_page_level_css":"","site-sidebar-layout":"default","site-content-layout":"","ast-site-content-layout":"default","site-content-style":"default","site-sidebar-style":"default","ast-global-header-display":"","ast-banner-title-visibility":"","ast-main-header-display":"","ast-hfb-above-header-display":"","ast-hfb-below-header-display":"","ast-hfb-mobile-header-display":"","site-post-title":"","ast-breadcrumbs-content":"","ast-featured-img":"","footer-sml-layout":"","ast-disable-related-posts":"","theme-transparent-header-meta":"","adv-header-id-meta":"","stick-header-meta":"","header-above-stick-meta":"","header-main-stick-meta":"","header-below-stick-meta":"","astra-migrate-meta-layouts":"set","ast-page-background-enabled":"default","ast-page-background-meta":{"desktop":{"background-color":"var(--ast-global-color-4)","background-image":"","background-repeat":"repeat","background-position":"center center","background-size":"auto","background-attachment":"scroll","background-type":"","background-media":"","overlay-type":"","overlay-color":"","overlay-opacity":"","overlay-gradient":""},"tablet":{"background-color":"","background-image":"","background-repeat":"repeat","background-position":"center center","background-size":"auto","background-attachment":"scroll","background-type":"","background-media":"","overlay-type":"","overlay-color":"","overlay-opacity":"","overlay-gradient":""},"mobile":{"background-color":"","background-image":"","background-repeat":"repeat","background-position":"center center","background-size":"auto","background-attachment":"scroll","background-type":"","background-media":"","overlay-type":"","overlay-color":"","overlay-opacity":"","overlay-gradient":""}},"ast-content-background-meta":{"desktop":{"background-color":"var(--ast-global-color-5)","background-image":"","background-repeat":"repeat","background-position":"center center","background-size":"auto","background-attachment":"scroll","background-type":"","background-media":"","overlay-type":"","overlay-color":"","overlay-opacity":"","overlay-gradient":""},"tablet":{"background-color":"var(--ast-global-color-5)","background-image":"","background-repeat":"repeat","background-position":"center center","background-size":"auto","background-attachment":"scroll","background-type":"","background-media":"","overlay-type":"","overlay-color":"","overlay-opacity":"","overlay-gradient":""},"mobile":{"background-color":"var(--ast-global-color-5)","background-image":"","background-repeat":"repeat","background-position":"center center","background-size":"auto","background-attachment":"scroll","background-type":"","background-media":"","overlay-type":"","overlay-color":"","overlay-opacity":"","overlay-gradient":""}},"_themeisle_gutenberg_block_has_review":false,"footnotes":"","_links_to":"","_links_to_target":""},"class_list":["post-1344","page","type-page","status-publish","hentry"],"uagb_featured_image_src":{"full":false,"thumbnail":false,"medium":false,"medium_large":false,"large":false,"1536x1536":false,"2048x2048":false,"trp-custom-language-flag":false},"uagb_author_info":{"display_name":"carreiralarissac@gmail.com","author_link":"https:\/\/siga2025.com.br\/en\/author\/carreiralarissacgmail-com\/"},"uagb_comment_info":0,"uagb_excerpt":"Programa\u00e7\u00e3o cient\u00edfica (28 e 29 de agosto) visita t\u00e9cnica (30 de agosto)","_links":{"self":[{"href":"https:\/\/siga2025.com.br\/en\/wp-json\/wp\/v2\/pages\/1344","targetHints":{"allow":["GET"]}}],"collection":[{"href":"https:\/\/siga2025.com.br\/en\/wp-json\/wp\/v2\/pages"}],"about":[{"href":"https:\/\/siga2025.com.br\/en\/wp-json\/wp\/v2\/types\/page"}],"author":[{"embeddable":true,"href":"https:\/\/siga2025.com.br\/en\/wp-json\/wp\/v2\/users\/1"}],"replies":[{"embeddable":true,"href":"https:\/\/siga2025.com.br\/en\/wp-json\/wp\/v2\/comments?post=1344"}],"version-history":[{"count":9,"href":"https:\/\/siga2025.com.br\/en\/wp-json\/wp\/v2\/pages\/1344\/revisions"}],"predecessor-version":[{"id":2200,"href":"https:\/\/siga2025.com.br\/en\/wp-json\/wp\/v2\/pages\/1344\/revisions\/2200"}],"wp:attachment":[{"href":"https:\/\/siga2025.com.br\/en\/wp-json\/wp\/v2\/media?parent=1344"}],"curies":[{"name":"wp","href":"https:\/\/api.w.org\/{rel}","templated":true}]}}