{"id":1346,"date":"2025-03-10T22:46:57","date_gmt":"2025-03-10T22:46:57","guid":{"rendered":"https:\/\/siga2025.com.br\/?page_id=1346"},"modified":"2025-03-27T21:59:07","modified_gmt":"2025-03-27T21:59:07","slug":"a-cidade","status":"publish","type":"page","link":"https:\/\/siga2025.com.br\/en\/a-cidade\/","title":{"rendered":"The City"},"content":{"rendered":"<div class=\"wp-block-essential-blocks-text  root-eb-text-8x3x8\"><div class=\"eb-parent-wrapper eb-parent-eb-text-8x3x8\"><div class=\"eb-text-wrapper eb-text-8x3x8\" data-id=\"eb-text-8x3x8\"><p class=\"eb-text\">Bel\u00e9m, the capital of the state of Par\u00e1, is a city of great historical, cultural, and economic significance in northern Brazil. Its airport infrastructure is represented by the Bel\u00e9m International Airport \u2013 Val-de-Cans, which operates both domestic and international flights and serves as one of the main gateways to the Amazon. Tourism in the city is driven by natural attractions located in its insular area, which consists of 39 islands, as well as conservation units such as the Utinga State Park and the Environmental Protection Area of Ilha do Comb\u00fa, providing direct contact with the rich Amazonian biodiversity. Culturally, the Feliz Lusit\u00e2nia complex stands out, housing the Forte do Pres\u00e9pio, the Cathedral of S\u00e9, the Museum of Sacred Art, and the Casa das Onze Janelas. Nearby, the Ver-o-Peso market serves as a key hub for the supply of regional gastronomic products.<br><br>Gastronomy, in fact, is one of Bel\u00e9m\u2019s defining features. Recognized as a UNESCO Creative City in this field, the capital of Par\u00e1 holds an intangible heritage shaped by products and food traditions of ancestral indigenous peoples. The manioc plant, for example, was domesticated in the Amazon about seven millennia ago. Later, African and Portuguese influences, along with those of migrants, contributed to shaping contemporary Amazonian cuisine.<br><br>In this context, Bel\u00e9m serves as an open-air laboratory for understanding the formation of regional gastronomy. The recognition of territorial and historical contingencies and their impact on culinary traditions will be key topics of discussion during the working sessions of SIGA 2025\u2014an inspiration to explore the regional character of global cuisine and sustainability as a pillar for building food systems committed to the planet\u2019s future.<br><\/p><\/div><\/div><\/div>","protected":false},"excerpt":{"rendered":"","protected":false},"author":1,"featured_media":0,"parent":0,"menu_order":0,"comment_status":"closed","ping_status":"closed","template":"","meta":{"_eb_attr":"","_uag_custom_page_level_css":"","site-sidebar-layout":"default","site-content-layout":"","ast-site-content-layout":"default","site-content-style":"default","site-sidebar-style":"default","ast-global-header-display":"","ast-banner-title-visibility":"","ast-main-header-display":"","ast-hfb-above-header-display":"","ast-hfb-below-header-display":"","ast-hfb-mobile-header-display":"","site-post-title":"","ast-breadcrumbs-content":"","ast-featured-img":"","footer-sml-layout":"","ast-disable-related-posts":"","theme-transparent-header-meta":"","adv-header-id-meta":"","stick-header-meta":"","header-above-stick-meta":"","header-main-stick-meta":"","header-below-stick-meta":"","astra-migrate-meta-layouts":"set","ast-page-background-enabled":"default","ast-page-background-meta":{"desktop":{"background-color":"var(--ast-global-color-4)","background-image":"","background-repeat":"repeat","background-position":"center center","background-size":"auto","background-attachment":"scroll","background-type":"","background-media":"","overlay-type":"","overlay-color":"","overlay-opacity":"","overlay-gradient":""},"tablet":{"background-color":"","background-image":"","background-repeat":"repeat","background-position":"center center","background-size":"auto","background-attachment":"scroll","background-type":"","background-media":"","overlay-type":"","overlay-color":"","overlay-opacity":"","overlay-gradient":""},"mobile":{"background-color":"","background-image":"","background-repeat":"repeat","background-position":"center center","background-size":"auto","background-attachment":"scroll","background-type":"","background-media":"","overlay-type":"","overlay-color":"","overlay-opacity":"","overlay-gradient":""}},"ast-content-background-meta":{"desktop":{"background-color":"var(--ast-global-color-5)","background-image":"","background-repeat":"repeat","background-position":"center center","background-size":"auto","background-attachment":"scroll","background-type":"","background-media":"","overlay-type":"","overlay-color":"","overlay-opacity":"","overlay-gradient":""},"tablet":{"background-color":"var(--ast-global-color-5)","background-image":"","background-repeat":"repeat","background-position":"center center","background-size":"auto","background-attachment":"scroll","background-type":"","background-media":"","overlay-type":"","overlay-color":"","overlay-opacity":"","overlay-gradient":""},"mobile":{"background-color":"var(--ast-global-color-5)","background-image":"","background-repeat":"repeat","background-position":"center center","background-size":"auto","background-attachment":"scroll","background-type":"","background-media":"","overlay-type":"","overlay-color":"","overlay-opacity":"","overlay-gradient":""}},"_themeisle_gutenberg_block_has_review":false,"footnotes":"","_links_to":"","_links_to_target":""},"class_list":["post-1346","page","type-page","status-publish","hentry"],"uagb_featured_image_src":{"full":false,"thumbnail":false,"medium":false,"medium_large":false,"large":false,"1536x1536":false,"2048x2048":false,"trp-custom-language-flag":false},"uagb_author_info":{"display_name":"carreiralarissac@gmail.com","author_link":"https:\/\/siga2025.com.br\/en\/author\/carreiralarissacgmail-com\/"},"uagb_comment_info":0,"uagb_excerpt":null,"_links":{"self":[{"href":"https:\/\/siga2025.com.br\/en\/wp-json\/wp\/v2\/pages\/1346","targetHints":{"allow":["GET"]}}],"collection":[{"href":"https:\/\/siga2025.com.br\/en\/wp-json\/wp\/v2\/pages"}],"about":[{"href":"https:\/\/siga2025.com.br\/en\/wp-json\/wp\/v2\/types\/page"}],"author":[{"embeddable":true,"href":"https:\/\/siga2025.com.br\/en\/wp-json\/wp\/v2\/users\/1"}],"replies":[{"embeddable":true,"href":"https:\/\/siga2025.com.br\/en\/wp-json\/wp\/v2\/comments?post=1346"}],"version-history":[{"count":6,"href":"https:\/\/siga2025.com.br\/en\/wp-json\/wp\/v2\/pages\/1346\/revisions"}],"predecessor-version":[{"id":2029,"href":"https:\/\/siga2025.com.br\/en\/wp-json\/wp\/v2\/pages\/1346\/revisions\/2029"}],"wp:attachment":[{"href":"https:\/\/siga2025.com.br\/en\/wp-json\/wp\/v2\/media?parent=1346"}],"curies":[{"name":"wp","href":"https:\/\/api.w.org\/{rel}","templated":true}]}}